{"id":1848,"date":"2022-01-15T10:10:25","date_gmt":"2022-01-15T09:10:25","guid":{"rendered":"http:\/\/www.psychologiepraktijkhonnef.nl\/site\/?page_id=1848"},"modified":"2025-11-14T12:51:32","modified_gmt":"2025-11-14T11:51:32","slug":"verzekeraars","status":"publish","type":"page","link":"https:\/\/www.psychologiepraktijkhonnef.nl\/site\/aanmelden\/verzekeraars\/","title":{"rendered":"Verzekeraars"},"content":{"rendered":"\n<p>Op de website van <a href=\"https:\/\/www.zorgwijzer.nl\/faq\/welke-zorgverzekeraars-zijn-er\" target=\"_blank\" rel=\"noreferrer noopener\">Zorgwijzer.nl<\/a> kunt u een overzicht vinden van alle zorgverzekeraars. U kunt hier inzien onder welk label uw verzekeraar valt. Let wel: de &#8220;kleine&#8221; verzekeraars (bijvoorbeeld ENO, ONVZ of Zorg en Zekerheid) vallen w\u00e9l onder \u00e9\u00e9n van de &#8220;grote&#8221; labels waarmee Psychologiepraktijk Honnef w\u00e9l gecontracteerd is. Het is goed dit even na te gaan bij uw verzekeraar.<\/p>\n\n\n\n<p><mark style=\"background-color:rgba(0, 0, 0, 0)\" class=\"has-inline-color has-vivid-cyan-blue-color\">2025<\/mark><br>Voor 2024 hebben wij weer contracten afgesloten met de grote &#8220;labels&#8221;: Achmea (FBTO, Zilveren Kruis (Interpolis, De Friesland en ZieZo), ASR (De Amersfoortse, Ditzo), Caresq (Eucare, Aevitae), DSW (inTwente, Stad Holland) , ENO (Salland), Menzis, ONVZ, VGZ (IZA, Unive, ZEKUR, IZZ), Zorg &amp; Zekerheid. <\/p>\n\n\n\n<p><strong>Met zorgverzekeraar CZ en de labels die hieronder vallen (CZ direct, Just, Nationale-Nederlanden, OHRA) hebben wij geen contract afgesloten. Omdat wij alleen gecontracteerde zorg aanbieden kunnen wij u geen behandeling bieden wanneer u bij CZ verzekerd bent.<\/strong><\/p>\n\n\n\n<p><mark style=\"background-color:rgba(0, 0, 0, 0)\" class=\"has-inline-color has-vivid-cyan-blue-color\">2026<\/mark><br>Ook voor 2025 hebben wij weer contracten afgesloten met de grote &#8220;labels&#8221;: Achmea (FBTO, Zilveren Kruis, Interpolis, De Friesland en ZieZo), ASR (De Amersfoortse, Ditzo), Caresq (Eucare, Aevitae), DSW (inTwente, Stad Holland) , ENO (Salland), Menzis, ONVZ, VGZ (IZA, Unive, ZEKUR, IZZ), Zorg &amp; Zekerheid. <\/p>\n\n\n\n<p><strong>Met zorgverzekeraar CZ en de labels die hieronder vallen (CZ direct, Just, Nationale-Nederlanden, OHRA) hebben wij geen contract afgesloten. Omdat wij alleen gecontracteerde zorg aanbieden kunnen wij u geen behandeling bieden wanneer u bij CZ verzekerd bent.<\/strong><\/p>\n","protected":false},"excerpt":{"rendered":"<p>Op de website van Zorgwijzer.nl kunt u een overzicht vinden van alle zorgverzekeraars. U kunt hier inzien onder welk label uw verzekeraar valt. Let wel: de &#8220;kleine&#8221; verzekeraars (bijvoorbeeld ENO, ONVZ of Zorg en Zekerheid) vallen w\u00e9l onder \u00e9\u00e9n van de &#8220;grote&#8221; labels waarmee Psychologiepraktijk Honnef w\u00e9l gecontracteerd is. Het is goed dit even na [&hellip;]<\/p>\n","protected":false},"author":1,"featured_media":0,"parent":1841,"menu_order":0,"comment_status":"closed","ping_status":"closed","template":"","meta":{"footnotes":""},"yoast_head":"<!-- This site is optimized with the Yoast SEO plugin v23.5 - https:\/\/yoast.com\/wordpress\/plugins\/seo\/ -->\n<title>Verzekeraars -<\/title>\n<meta name=\"robots\" content=\"index, follow, max-snippet:-1, max-image-preview:large, max-video-preview:-1\" \/>\n<link rel=\"canonical\" href=\"https:\/\/www.psychologiepraktijkhonnef.nl\/site\/aanmelden\/verzekeraars\/\" \/>\n<meta property=\"og:locale\" content=\"nl_NL\" \/>\n<meta property=\"og:type\" content=\"article\" \/>\n<meta property=\"og:title\" content=\"Verzekeraars -\" \/>\n<meta property=\"og:description\" content=\"Op de website van Zorgwijzer.nl kunt u een overzicht vinden van alle zorgverzekeraars. U kunt hier inzien onder welk label uw verzekeraar valt. Let wel: de &#8220;kleine&#8221; verzekeraars (bijvoorbeeld ENO, ONVZ of Zorg en Zekerheid) vallen w\u00e9l onder \u00e9\u00e9n van de &#8220;grote&#8221; labels waarmee Psychologiepraktijk Honnef w\u00e9l gecontracteerd is. Het is goed dit even na [&hellip;]\" \/>\n<meta property=\"og:url\" content=\"https:\/\/www.psychologiepraktijkhonnef.nl\/site\/aanmelden\/verzekeraars\/\" \/>\n<meta property=\"article:modified_time\" content=\"2025-11-14T11:51:32+00:00\" \/>\n<meta name=\"twitter:card\" content=\"summary_large_image\" \/>\n<meta name=\"twitter:label1\" content=\"Geschatte leestijd\" \/>\n\t<meta name=\"twitter:data1\" content=\"2 minuten\" \/>\n<script type=\"application\/ld+json\" class=\"yoast-schema-graph\">{\"@context\":\"https:\/\/schema.org\",\"@graph\":[{\"@type\":\"WebPage\",\"@id\":\"https:\/\/www.psychologiepraktijkhonnef.nl\/site\/aanmelden\/verzekeraars\/\",\"url\":\"https:\/\/www.psychologiepraktijkhonnef.nl\/site\/aanmelden\/verzekeraars\/\",\"name\":\"Verzekeraars -\",\"isPartOf\":{\"@id\":\"https:\/\/www.psychologiepraktijkhonnef.nl\/site\/#website\"},\"datePublished\":\"2022-01-15T09:10:25+00:00\",\"dateModified\":\"2025-11-14T11:51:32+00:00\",\"breadcrumb\":{\"@id\":\"https:\/\/www.psychologiepraktijkhonnef.nl\/site\/aanmelden\/verzekeraars\/#breadcrumb\"},\"inLanguage\":\"nl-NL\",\"potentialAction\":[{\"@type\":\"ReadAction\",\"target\":[\"https:\/\/www.psychologiepraktijkhonnef.nl\/site\/aanmelden\/verzekeraars\/\"]}]},{\"@type\":\"BreadcrumbList\",\"@id\":\"https:\/\/www.psychologiepraktijkhonnef.nl\/site\/aanmelden\/verzekeraars\/#breadcrumb\",\"itemListElement\":[{\"@type\":\"ListItem\",\"position\":1,\"name\":\"Home\",\"item\":\"https:\/\/www.psychologiepraktijkhonnef.nl\/site\/\"},{\"@type\":\"ListItem\",\"position\":2,\"name\":\"Aanmelden\",\"item\":\"https:\/\/www.psychologiepraktijkhonnef.nl\/site\/aanmelden\/\"},{\"@type\":\"ListItem\",\"position\":3,\"name\":\"Verzekeraars\"}]},{\"@type\":\"WebSite\",\"@id\":\"https:\/\/www.psychologiepraktijkhonnef.nl\/site\/#website\",\"url\":\"https:\/\/www.psychologiepraktijkhonnef.nl\/site\/\",\"name\":\"\",\"description\":\"\",\"potentialAction\":[{\"@type\":\"SearchAction\",\"target\":{\"@type\":\"EntryPoint\",\"urlTemplate\":\"https:\/\/www.psychologiepraktijkhonnef.nl\/site\/?s={search_term_string}\"},\"query-input\":{\"@type\":\"PropertyValueSpecification\",\"valueRequired\":true,\"valueName\":\"search_term_string\"}}],\"inLanguage\":\"nl-NL\"}]}<\/script>\n<!-- \/ Yoast SEO plugin. -->","yoast_head_json":{"title":"Verzekeraars -","robots":{"index":"index","follow":"follow","max-snippet":"max-snippet:-1","max-image-preview":"max-image-preview:large","max-video-preview":"max-video-preview:-1"},"canonical":"https:\/\/www.psychologiepraktijkhonnef.nl\/site\/aanmelden\/verzekeraars\/","og_locale":"nl_NL","og_type":"article","og_title":"Verzekeraars -","og_description":"Op de website van Zorgwijzer.nl kunt u een overzicht vinden van alle zorgverzekeraars. U kunt hier inzien onder welk label uw verzekeraar valt. Let wel: de &#8220;kleine&#8221; verzekeraars (bijvoorbeeld ENO, ONVZ of Zorg en Zekerheid) vallen w\u00e9l onder \u00e9\u00e9n van de &#8220;grote&#8221; labels waarmee Psychologiepraktijk Honnef w\u00e9l gecontracteerd is. Het is goed dit even na [&hellip;]","og_url":"https:\/\/www.psychologiepraktijkhonnef.nl\/site\/aanmelden\/verzekeraars\/","article_modified_time":"2025-11-14T11:51:32+00:00","twitter_card":"summary_large_image","twitter_misc":{"Geschatte leestijd":"2 minuten"},"schema":{"@context":"https:\/\/schema.org","@graph":[{"@type":"WebPage","@id":"https:\/\/www.psychologiepraktijkhonnef.nl\/site\/aanmelden\/verzekeraars\/","url":"https:\/\/www.psychologiepraktijkhonnef.nl\/site\/aanmelden\/verzekeraars\/","name":"Verzekeraars -","isPartOf":{"@id":"https:\/\/www.psychologiepraktijkhonnef.nl\/site\/#website"},"datePublished":"2022-01-15T09:10:25+00:00","dateModified":"2025-11-14T11:51:32+00:00","breadcrumb":{"@id":"https:\/\/www.psychologiepraktijkhonnef.nl\/site\/aanmelden\/verzekeraars\/#breadcrumb"},"inLanguage":"nl-NL","potentialAction":[{"@type":"ReadAction","target":["https:\/\/www.psychologiepraktijkhonnef.nl\/site\/aanmelden\/verzekeraars\/"]}]},{"@type":"BreadcrumbList","@id":"https:\/\/www.psychologiepraktijkhonnef.nl\/site\/aanmelden\/verzekeraars\/#breadcrumb","itemListElement":[{"@type":"ListItem","position":1,"name":"Home","item":"https:\/\/www.psychologiepraktijkhonnef.nl\/site\/"},{"@type":"ListItem","position":2,"name":"Aanmelden","item":"https:\/\/www.psychologiepraktijkhonnef.nl\/site\/aanmelden\/"},{"@type":"ListItem","position":3,"name":"Verzekeraars"}]},{"@type":"WebSite","@id":"https:\/\/www.psychologiepraktijkhonnef.nl\/site\/#website","url":"https:\/\/www.psychologiepraktijkhonnef.nl\/site\/","name":"","description":"","potentialAction":[{"@type":"SearchAction","target":{"@type":"EntryPoint","urlTemplate":"https:\/\/www.psychologiepraktijkhonnef.nl\/site\/?s={search_term_string}"},"query-input":{"@type":"PropertyValueSpecification","valueRequired":true,"valueName":"search_term_string"}}],"inLanguage":"nl-NL"}]}},"_links":{"self":[{"href":"https:\/\/www.psychologiepraktijkhonnef.nl\/site\/wp-json\/wp\/v2\/pages\/1848"}],"collection":[{"href":"https:\/\/www.psychologiepraktijkhonnef.nl\/site\/wp-json\/wp\/v2\/pages"}],"about":[{"href":"https:\/\/www.psychologiepraktijkhonnef.nl\/site\/wp-json\/wp\/v2\/types\/page"}],"author":[{"embeddable":true,"href":"https:\/\/www.psychologiepraktijkhonnef.nl\/site\/wp-json\/wp\/v2\/users\/1"}],"replies":[{"embeddable":true,"href":"https:\/\/www.psychologiepraktijkhonnef.nl\/site\/wp-json\/wp\/v2\/comments?post=1848"}],"version-history":[{"count":6,"href":"https:\/\/www.psychologiepraktijkhonnef.nl\/site\/wp-json\/wp\/v2\/pages\/1848\/revisions"}],"predecessor-version":[{"id":2355,"href":"https:\/\/www.psychologiepraktijkhonnef.nl\/site\/wp-json\/wp\/v2\/pages\/1848\/revisions\/2355"}],"up":[{"embeddable":true,"href":"https:\/\/www.psychologiepraktijkhonnef.nl\/site\/wp-json\/wp\/v2\/pages\/1841"}],"wp:attachment":[{"href":"https:\/\/www.psychologiepraktijkhonnef.nl\/site\/wp-json\/wp\/v2\/media?parent=1848"}],"curies":[{"name":"wp","href":"https:\/\/api.w.org\/{rel}","templated":true}]}}